{"id":2347,"date":"2022-01-01T08:56:22","date_gmt":"2022-01-01T07:56:22","guid":{"rendered":"https:\/\/lesboisenjoues.com\/?page_id=2347"},"modified":"2022-01-02T20:22:41","modified_gmt":"2022-01-02T19:22:41","slug":"la-planche-a-trous","status":"publish","type":"page","link":"https:\/\/lesboisenjoues.com\/index.php\/tous-nos-jeux\/la-planche-a-trous\/","title":{"rendered":"La Planche \u00e0 trous"},"content":{"rendered":"\n<div class=\"wp-block-image\"><figure class=\"aligncenter size-large is-resized\"><img loading=\"lazy\" decoding=\"async\" src=\"https:\/\/lesboisenjoues.com\/wp-content\/uploads\/2022\/01\/Palet-Suisse-1024x300.jpg\" alt=\"\" class=\"wp-image-2357\" width=\"512\" height=\"150\" srcset=\"https:\/\/lesboisenjoues.com\/wp-content\/uploads\/2022\/01\/Palet-Suisse-1024x300.jpg 1024w, https:\/\/lesboisenjoues.com\/wp-content\/uploads\/2022\/01\/Palet-Suisse-300x88.jpg 300w, https:\/\/lesboisenjoues.com\/wp-content\/uploads\/2022\/01\/Palet-Suisse-768x225.jpg 768w, https:\/\/lesboisenjoues.com\/wp-content\/uploads\/2022\/01\/Palet-Suisse-1536x450.jpg 1536w, https:\/\/lesboisenjoues.com\/wp-content\/uploads\/2022\/01\/Palet-Suisse-2048x599.jpg 2048w\" sizes=\"auto, (max-width: 512px) 100vw, 512px\" \/><\/figure><\/div>\n\n\n\n<h4 class=\"has-text-align-center wp-block-heading\">Jeu d&rsquo;adresse inter-g\u00e9n\u00e9rationnel<\/h4>\n\n\n\n<div class=\"wp-block-image\"><figure class=\"aligncenter size-large is-resized\"><img loading=\"lazy\" decoding=\"async\" src=\"https:\/\/lesboisenjoues.com\/wp-content\/uploads\/2022\/01\/Screenshot_20211231-081951_Instagram-edited-821x1024.jpg\" alt=\"\" class=\"wp-image-2367\" width=\"286\" height=\"355\"\/><figcaption>Planche \u00e0 trous : 1 joueur \/ Jeu d&rsquo;adresse<\/figcaption><\/figure><\/div>\n\n\n\n<h4 class=\"wp-block-heading\">R\u00e8gle du jeu :<\/h4>\n\n\n\n<p>A l&rsquo;aide de 2 cordelettes, vous devrez <strong>conduire un anneau dans lequel se trouve une bille<\/strong>, le long d&rsquo;un <strong>chemin trac\u00e9 en pointill\u00e9s.<\/strong><\/p>\n\n\n\n<p>Bien s\u00fbr, le but est de <strong>ne pas faire tomber la bille dans l&rsquo;un des trous<\/strong> qui arborent le parcours.<\/p>\n\n\n\n<p>Vous \u00eates d\u00e9clar\u00e9 vainqueur d\u00e8s lors que la bille revient \u00e0 son point de d\u00e9part<strong> apr\u00e8s avoir parcouru l&rsquo;ensemble du parcours.<\/strong><\/p>\n\n\n\n<p>Il s&rsquo;agit d&rsquo;un magnifique jeu d&rsquo;adresse aux r\u00e8gles simples. Soyez assur\u00e9es que toutes les personnes de 7 \u00e0 77 ans prendront plaisir \u00e0 tester leurs aptitudes autour de ce jeu ! <\/p>\n\n\n\n<div class=\"wp-block-image\"><figure class=\"aligncenter size-large is-resized\"><img loading=\"lazy\" decoding=\"async\" src=\"https:\/\/lesboisenjoues.com\/wp-content\/uploads\/2022\/01\/Screenshot_20211231-081955_Instagram-827x1024.jpg\" alt=\"\" class=\"wp-image-2352\" width=\"284\" height=\"352\" srcset=\"https:\/\/lesboisenjoues.com\/wp-content\/uploads\/2022\/01\/Screenshot_20211231-081955_Instagram-827x1024.jpg 827w, https:\/\/lesboisenjoues.com\/wp-content\/uploads\/2022\/01\/Screenshot_20211231-081955_Instagram-242x300.jpg 242w, https:\/\/lesboisenjoues.com\/wp-content\/uploads\/2022\/01\/Screenshot_20211231-081955_Instagram-768x951.jpg 768w, https:\/\/lesboisenjoues.com\/wp-content\/uploads\/2022\/01\/Screenshot_20211231-081955_Instagram.jpg 1080w\" sizes=\"auto, (max-width: 284px) 100vw, 284px\" \/><\/figure><\/div>\n\n\n\n<div class=\"wp-block-image\"><figure class=\"aligncenter size-large is-resized\"><img loading=\"lazy\" decoding=\"async\" src=\"https:\/\/lesboisenjoues.com\/wp-content\/uploads\/2022\/01\/Sans-titre3-1024x62.png\" alt=\"\" class=\"wp-image-2359\" width=\"512\" height=\"31\" srcset=\"https:\/\/lesboisenjoues.com\/wp-content\/uploads\/2022\/01\/Sans-titre3-1024x62.png 1024w, https:\/\/lesboisenjoues.com\/wp-content\/uploads\/2022\/01\/Sans-titre3-300x18.png 300w, https:\/\/lesboisenjoues.com\/wp-content\/uploads\/2022\/01\/Sans-titre3-768x46.png 768w, https:\/\/lesboisenjoues.com\/wp-content\/uploads\/2022\/01\/Sans-titre3-1536x93.png 1536w, https:\/\/lesboisenjoues.com\/wp-content\/uploads\/2022\/01\/Sans-titre3-2048x124.png 2048w\" sizes=\"auto, (max-width: 512px) 100vw, 512px\" \/><\/figure><\/div>\n\n\n\n<h4 class=\"has-text-align-center wp-block-heading\"><strong>Informations importantes :&nbsp;<\/strong><\/h4>\n\n\n\n<ul class=\"wp-block-list\"><li>Contenu : <strong>1 bille m\u00e9tallique (16mm)<\/strong><\/li><li> Dimensions&nbsp;: <strong>125x60cm<\/strong> <\/li><li>Age minimum recommand\u00e9 : <strong>7 ans<\/strong><\/li><\/ul>\n\n\n\n<div class=\"wp-block-image\"><figure class=\"aligncenter size-large is-resized\"><img loading=\"lazy\" decoding=\"async\" src=\"https:\/\/lesboisenjoues.com\/wp-content\/uploads\/2022\/01\/Sans-titre3-1024x62.png\" alt=\"\" class=\"wp-image-2359\" width=\"512\" height=\"31\" srcset=\"https:\/\/lesboisenjoues.com\/wp-content\/uploads\/2022\/01\/Sans-titre3-1024x62.png 1024w, https:\/\/lesboisenjoues.com\/wp-content\/uploads\/2022\/01\/Sans-titre3-300x18.png 300w, https:\/\/lesboisenjoues.com\/wp-content\/uploads\/2022\/01\/Sans-titre3-768x46.png 768w, https:\/\/lesboisenjoues.com\/wp-content\/uploads\/2022\/01\/Sans-titre3-1536x93.png 1536w, https:\/\/lesboisenjoues.com\/wp-content\/uploads\/2022\/01\/Sans-titre3-2048x124.png 2048w\" sizes=\"auto, (max-width: 512px) 100vw, 512px\" \/><\/figure><\/div>\n\n\n\n<p><\/p>\n\n\n\n<p><\/p>\n","protected":false},"excerpt":{"rendered":"<p>Jeu d&rsquo;adresse inter-g\u00e9n\u00e9rationnel R\u00e8gle du jeu : A l&rsquo;aide de 2 cordelettes, vous devrez conduire un anneau dans lequel se [&hellip;]<\/p>\n","protected":false},"author":2,"featured_media":2350,"parent":1568,"menu_order":0,"comment_status":"closed","ping_status":"closed","template":"","meta":{"footnotes":""},"class_list":["post-2347","page","type-page","status-publish","has-post-thumbnail","hentry"],"jetpack_sharing_enabled":true,"_links":{"self":[{"href":"https:\/\/lesboisenjoues.com\/index.php\/wp-json\/wp\/v2\/pages\/2347","targetHints":{"allow":["GET"]}}],"collection":[{"href":"https:\/\/lesboisenjoues.com\/index.php\/wp-json\/wp\/v2\/pages"}],"about":[{"href":"https:\/\/lesboisenjoues.com\/index.php\/wp-json\/wp\/v2\/types\/page"}],"author":[{"embeddable":true,"href":"https:\/\/lesboisenjoues.com\/index.php\/wp-json\/wp\/v2\/users\/2"}],"replies":[{"embeddable":true,"href":"https:\/\/lesboisenjoues.com\/index.php\/wp-json\/wp\/v2\/comments?post=2347"}],"version-history":[{"count":12,"href":"https:\/\/lesboisenjoues.com\/index.php\/wp-json\/wp\/v2\/pages\/2347\/revisions"}],"predecessor-version":[{"id":2423,"href":"https:\/\/lesboisenjoues.com\/index.php\/wp-json\/wp\/v2\/pages\/2347\/revisions\/2423"}],"up":[{"embeddable":true,"href":"https:\/\/lesboisenjoues.com\/index.php\/wp-json\/wp\/v2\/pages\/1568"}],"wp:featuredmedia":[{"embeddable":true,"href":"https:\/\/lesboisenjoues.com\/index.php\/wp-json\/wp\/v2\/media\/2350"}],"wp:attachment":[{"href":"https:\/\/lesboisenjoues.com\/index.php\/wp-json\/wp\/v2\/media?parent=2347"}],"curies":[{"name":"wp","href":"https:\/\/api.w.org\/{rel}","templated":true}]}}