{"id":2095,"date":"2021-08-08T22:18:30","date_gmt":"2021-08-08T20:18:30","guid":{"rendered":"https:\/\/lesboisenjoues.com\/?page_id=2095"},"modified":"2022-01-02T20:18:29","modified_gmt":"2022-01-02T19:18:29","slug":"cornhole","status":"publish","type":"page","link":"https:\/\/lesboisenjoues.com\/index.php\/cornhole\/","title":{"rendered":"Cornhole"},"content":{"rendered":"\n<div class=\"wp-block-image\"><figure class=\"aligncenter size-large is-resized\"><img loading=\"lazy\" decoding=\"async\" src=\"https:\/\/lesboisenjoues.com\/wp-content\/uploads\/2022\/01\/Untitled-15-Copie-1024x300.png\" alt=\"\" class=\"wp-image-2417\" width=\"512\" height=\"150\" srcset=\"https:\/\/lesboisenjoues.com\/wp-content\/uploads\/2022\/01\/Untitled-15-Copie-1024x300.png 1024w, https:\/\/lesboisenjoues.com\/wp-content\/uploads\/2022\/01\/Untitled-15-Copie-300x88.png 300w, https:\/\/lesboisenjoues.com\/wp-content\/uploads\/2022\/01\/Untitled-15-Copie-768x225.png 768w, https:\/\/lesboisenjoues.com\/wp-content\/uploads\/2022\/01\/Untitled-15-Copie-1536x450.png 1536w, https:\/\/lesboisenjoues.com\/wp-content\/uploads\/2022\/01\/Untitled-15-Copie-2048x599.png 2048w\" sizes=\"auto, (max-width: 512px) 100vw, 512px\" \/><\/figure><\/div>\n\n\n\n<p class=\"has-text-align-center\"><strong>Le c\u00e9l\u00e8bre jeu de lancer am\u00e9ricain<\/strong><\/p>\n\n\n\n<div class=\"wp-block-image\"><figure class=\"aligncenter size-large is-resized\"><img loading=\"lazy\" decoding=\"async\" src=\"https:\/\/lesboisenjoues.com\/wp-content\/uploads\/2021\/08\/Screenshot_20210808-220209_Gallery-3-edited.jpg\" alt=\"\" class=\"wp-image-2102\" width=\"386\" height=\"386\" srcset=\"https:\/\/lesboisenjoues.com\/wp-content\/uploads\/2021\/08\/Screenshot_20210808-220209_Gallery-3-edited.jpg 1075w, https:\/\/lesboisenjoues.com\/wp-content\/uploads\/2021\/08\/Screenshot_20210808-220209_Gallery-3-edited-300x300.jpg 300w, https:\/\/lesboisenjoues.com\/wp-content\/uploads\/2021\/08\/Screenshot_20210808-220209_Gallery-3-edited-1024x1024.jpg 1024w, https:\/\/lesboisenjoues.com\/wp-content\/uploads\/2021\/08\/Screenshot_20210808-220209_Gallery-3-edited-150x150.jpg 150w, https:\/\/lesboisenjoues.com\/wp-content\/uploads\/2021\/08\/Screenshot_20210808-220209_Gallery-3-edited-768x768.jpg 768w\" sizes=\"auto, (max-width: 386px) 100vw, 386px\" \/><figcaption>Cornhole : Jeu de lancer de sacs. Se joue en \u00e9quipe ou en 1 contre 1.<\/figcaption><\/figure><\/div>\n\n\n\n<h4 class=\"wp-block-heading\">But du jeu :<\/h4>\n\n\n\n<p>Le premier joueur qui marque 21 points gagne la partie.<\/p>\n\n\n\n<p>Pour marquer des points vous devez lancer vos sacs sur la planche situ\u00e9e en face de vous et si vos sacs tombent dans le trou vous marquez encore plus de points !<\/p>\n\n\n\n<h4 class=\"wp-block-heading\">R\u00e8gles du jeu :<\/h4>\n\n\n\n<p>Munissez-vous chacun de 4 sacs de couleur identique et placez-vous c\u00f4te \u00e0 c\u00f4te \u00e0 8 m\u00e8tres de la planche (6 ou 7 m\u00e8tres si vous d\u00e9butez).<\/p>\n\n\n\n<p>Tirez au sort le joueur qui commence.<\/p>\n\n\n\n<p>Lancez chacun votre tour un sac en visant la planche et ainsi de suite jusqu&rsquo;\u00e0 ce que les 8 sacs aient \u00e9t\u00e9 lanc\u00e9s.<\/p>\n\n\n\n<p>Ne retirez pas les sacs du jeu sauf si un sac touche le sol avant de retomber sur la planche, celui-ci ne compte pas et devra \u00eatre enlev\u00e9 avant de lancer le sac suivant.<\/p>\n\n\n\n<p>\u200b<\/p>\n\n\n\n<p>Une fois les 8 sacs lanc\u00e9s on compte les points :<\/p>\n\n\n\n<p>Les sacs restant sur la planche valent 1 point.<\/p>\n\n\n\n<p>Les sacs tomb\u00e9s dans le trou valent 3 points.<\/p>\n\n\n\n<p>Les sacs tomb\u00e9s \u00e0 l\u2019ext\u00e9rieur de la planche ne valent aucun point.<\/p>\n\n\n\n<p>Si l&rsquo;un de vos sacs a pouss\u00e9 un sac de votre adversaire dans le trou, vous lui donnez donc 3 points.<\/p>\n\n\n\n<p>En revanche si votre sac pousse un sac de votre adversaire en dehors de la planche celui-ci perdra du coup un point.<\/p>\n\n\n\n<div class=\"wp-block-image\"><figure class=\"aligncenter size-full\"><img loading=\"lazy\" decoding=\"async\" width=\"362\" height=\"139\" src=\"https:\/\/lesboisenjoues.com\/wp-content\/uploads\/2021\/08\/Cornhole.jpg\" alt=\"\" class=\"wp-image-2103\" srcset=\"https:\/\/lesboisenjoues.com\/wp-content\/uploads\/2021\/08\/Cornhole.jpg 362w, https:\/\/lesboisenjoues.com\/wp-content\/uploads\/2021\/08\/Cornhole-300x115.jpg 300w, https:\/\/lesboisenjoues.com\/wp-content\/uploads\/2021\/08\/Cornhole-360x139.jpg 360w\" sizes=\"auto, (max-width: 362px) 100vw, 362px\" \/><figcaption>image : www.cornhole.fr<\/figcaption><\/figure><\/div>\n\n\n\n<div class=\"wp-block-image\"><figure class=\"aligncenter size-full is-resized\"><img loading=\"lazy\" decoding=\"async\" src=\"https:\/\/lesboisenjoues.com\/wp-content\/uploads\/2021\/02\/image.png\" alt=\"\" class=\"wp-image-1955\" width=\"484\" height=\"28\" srcset=\"https:\/\/lesboisenjoues.com\/wp-content\/uploads\/2021\/02\/image.png 1024w, https:\/\/lesboisenjoues.com\/wp-content\/uploads\/2021\/02\/image-300x18.png 300w\" sizes=\"auto, (max-width: 484px) 100vw, 484px\" \/><\/figure><\/div>\n\n\n\n<h4 class=\"wp-block-heading\"><strong>Informations importantes :&nbsp;<\/strong><\/h4>\n\n\n\n<ul class=\"wp-block-list\"><li>Contenu :&nbsp;<strong>1 plateau inclin\u00e9 + 8 sacs de 2 couleurs<\/strong><\/li><li>Dimensions&nbsp;:&nbsp;<strong>100x50cm<\/strong><\/li><li>Age minimum recommand\u00e9 : <strong>4 ans<\/strong><\/li><li>Jeu d&rsquo;int\u00e9rieur ou d&rsquo;ext\u00e9rieur ne n\u00e9cessitant pas de table.<\/li><\/ul>\n\n\n\n<div class=\"wp-block-image\"><figure class=\"aligncenter size-full is-resized\"><img loading=\"lazy\" decoding=\"async\" src=\"https:\/\/lesboisenjoues.com\/wp-content\/uploads\/2021\/02\/image.png\" alt=\"\" class=\"wp-image-1955\" width=\"484\" height=\"28\" srcset=\"https:\/\/lesboisenjoues.com\/wp-content\/uploads\/2021\/02\/image.png 1024w, https:\/\/lesboisenjoues.com\/wp-content\/uploads\/2021\/02\/image-300x18.png 300w\" sizes=\"auto, (max-width: 484px) 100vw, 484px\" \/><\/figure><\/div>\n\n\n\n<p><\/p>\n","protected":false},"excerpt":{"rendered":"<p>Le c\u00e9l\u00e8bre jeu de lancer am\u00e9ricain But du jeu : Le premier joueur qui marque 21 points gagne la partie. [&hellip;]<\/p>\n","protected":false},"author":2,"featured_media":2107,"parent":0,"menu_order":0,"comment_status":"closed","ping_status":"closed","template":"","meta":{"footnotes":""},"class_list":["post-2095","page","type-page","status-publish","has-post-thumbnail","hentry"],"jetpack_sharing_enabled":true,"_links":{"self":[{"href":"https:\/\/lesboisenjoues.com\/index.php\/wp-json\/wp\/v2\/pages\/2095","targetHints":{"allow":["GET"]}}],"collection":[{"href":"https:\/\/lesboisenjoues.com\/index.php\/wp-json\/wp\/v2\/pages"}],"about":[{"href":"https:\/\/lesboisenjoues.com\/index.php\/wp-json\/wp\/v2\/types\/page"}],"author":[{"embeddable":true,"href":"https:\/\/lesboisenjoues.com\/index.php\/wp-json\/wp\/v2\/users\/2"}],"replies":[{"embeddable":true,"href":"https:\/\/lesboisenjoues.com\/index.php\/wp-json\/wp\/v2\/comments?post=2095"}],"version-history":[{"count":5,"href":"https:\/\/lesboisenjoues.com\/index.php\/wp-json\/wp\/v2\/pages\/2095\/revisions"}],"predecessor-version":[{"id":2418,"href":"https:\/\/lesboisenjoues.com\/index.php\/wp-json\/wp\/v2\/pages\/2095\/revisions\/2418"}],"wp:featuredmedia":[{"embeddable":true,"href":"https:\/\/lesboisenjoues.com\/index.php\/wp-json\/wp\/v2\/media\/2107"}],"wp:attachment":[{"href":"https:\/\/lesboisenjoues.com\/index.php\/wp-json\/wp\/v2\/media?parent=2095"}],"curies":[{"name":"wp","href":"https:\/\/api.w.org\/{rel}","templated":true}]}}