{"id":1851,"date":"2020-08-10T14:42:54","date_gmt":"2020-08-10T12:42:54","guid":{"rendered":"https:\/\/lesboisenjoues.com\/?page_id=1851"},"modified":"2022-01-02T20:14:41","modified_gmt":"2022-01-02T19:14:41","slug":"birdy-wall","status":"publish","type":"page","link":"https:\/\/lesboisenjoues.com\/index.php\/birdy-wall\/","title":{"rendered":"Birdy-wall"},"content":{"rendered":"\n<div class=\"wp-block-image\"><figure class=\"aligncenter size-large is-resized\"><img loading=\"lazy\" decoding=\"async\" src=\"https:\/\/lesboisenjoues.com\/wp-content\/uploads\/2020\/08\/Untitled-15-Copie-Copie-2-1024x248.png\" alt=\"\" class=\"wp-image-1853\" width=\"512\" height=\"124\" srcset=\"https:\/\/lesboisenjoues.com\/wp-content\/uploads\/2020\/08\/Untitled-15-Copie-Copie-2-1024x248.png 1024w, https:\/\/lesboisenjoues.com\/wp-content\/uploads\/2020\/08\/Untitled-15-Copie-Copie-2-300x73.png 300w, https:\/\/lesboisenjoues.com\/wp-content\/uploads\/2020\/08\/Untitled-15-Copie-Copie-2-768x186.png 768w, https:\/\/lesboisenjoues.com\/wp-content\/uploads\/2020\/08\/Untitled-15-Copie-Copie-2-1536x372.png 1536w, https:\/\/lesboisenjoues.com\/wp-content\/uploads\/2020\/08\/Untitled-15-Copie-Copie-2-2048x496.png 2048w\" sizes=\"auto, (max-width: 512px) 100vw, 512px\" \/><\/figure><\/div>\n\n\n\n<h4 class=\"has-text-align-center wp-block-heading\">Qui fera tomber les oiseaux ?<\/h4>\n\n\n\n<div class=\"wp-block-image\"><figure class=\"aligncenter size-large is-resized\"><img decoding=\"async\" src=\"https:\/\/lesboisenjoues.com\/wp-content\/uploads\/2020\/08\/birdy-wall-jeu-geant-1.jpg\" alt=\"\" class=\"wp-image-1852\" width=\"395\" srcset=\"https:\/\/lesboisenjoues.com\/wp-content\/uploads\/2020\/08\/birdy-wall-jeu-geant-1.jpg 527w, https:\/\/lesboisenjoues.com\/wp-content\/uploads\/2020\/08\/birdy-wall-jeu-geant-1-300x300.jpg 300w, https:\/\/lesboisenjoues.com\/wp-content\/uploads\/2020\/08\/birdy-wall-jeu-geant-1-150x150.jpg 150w\" sizes=\"(max-width: 527px) 100vw, 527px\" \/><figcaption>Birdy wall : 2 joueurs \/ Jeu d&rsquo;adresse<\/figcaption><\/figure><\/div>\n\n\n\n<h4 class=\"wp-block-heading\">R\u00e8gle du jeu :<\/h4>\n\n\n\n<p>Chaque joueur joue \u00e0 tour de r\u00f4le, le but est d&rsquo;enlever une brique du mur, mais attention \u00e0 ne pas faire chuter l&rsquo;un des deux oiseaux pos\u00e9s sur le haut de celui-ci. Lorsque le joueur commence \u00e0 retirer une brique, il ne pourra plus en changer, et devra la retirer compl\u00e8tement.<\/p>\n\n\n\n<p>La partie se termine lorsqu&rsquo;un joueur fait chuter l&rsquo;un des oiseaux. Celui-ci sera le perdant !<\/p>\n\n\n\n<div class=\"wp-block-image\"><figure class=\"aligncenter size-large is-resized\"><img loading=\"lazy\" decoding=\"async\" src=\"https:\/\/lesboisenjoues.com\/wp-content\/uploads\/2020\/08\/birdy-wall-jeu-geant-2.jpg\" alt=\"\" class=\"wp-image-1854\" width=\"395\" height=\"395\" srcset=\"https:\/\/lesboisenjoues.com\/wp-content\/uploads\/2020\/08\/birdy-wall-jeu-geant-2.jpg 527w, https:\/\/lesboisenjoues.com\/wp-content\/uploads\/2020\/08\/birdy-wall-jeu-geant-2-300x300.jpg 300w, https:\/\/lesboisenjoues.com\/wp-content\/uploads\/2020\/08\/birdy-wall-jeu-geant-2-150x150.jpg 150w\" sizes=\"auto, (max-width: 395px) 100vw, 395px\" \/><\/figure><\/div>\n\n\n\n<div class=\"wp-block-image\"><figure class=\"aligncenter size-large is-resized\"><img loading=\"lazy\" decoding=\"async\" src=\"https:\/\/lesboisenjoues.com\/wp-content\/uploads\/2020\/08\/Sans-titre3-1024x62.png\" alt=\"\" class=\"wp-image-1783\" width=\"512\" height=\"31\" srcset=\"https:\/\/lesboisenjoues.com\/wp-content\/uploads\/2020\/08\/Sans-titre3-1024x62.png 1024w, https:\/\/lesboisenjoues.com\/wp-content\/uploads\/2020\/08\/Sans-titre3-300x18.png 300w, https:\/\/lesboisenjoues.com\/wp-content\/uploads\/2020\/08\/Sans-titre3-768x46.png 768w, https:\/\/lesboisenjoues.com\/wp-content\/uploads\/2020\/08\/Sans-titre3-1536x93.png 1536w, https:\/\/lesboisenjoues.com\/wp-content\/uploads\/2020\/08\/Sans-titre3-2048x124.png 2048w\" sizes=\"auto, (max-width: 512px) 100vw, 512px\" \/><\/figure><\/div>\n\n\n\n<h4 class=\"wp-block-heading\">Informations importantes :<\/h4>\n\n\n\n<ul class=\"wp-block-list\"><li>Dimensions :<strong> 49,5 x 35 cm&nbsp;<\/strong><\/li><li>Dimensions d&rsquo;une brique : <strong>7 x 3 x 3,5 cm (55 briques)<\/strong><\/li><li>\u00c2ge minimum recommand\u00e9 :<strong> 4 ans<\/strong><\/li><\/ul>\n\n\n\n<div class=\"wp-block-image\"><figure class=\"aligncenter size-large is-resized\"><img loading=\"lazy\" decoding=\"async\" src=\"https:\/\/lesboisenjoues.com\/wp-content\/uploads\/2020\/08\/Sans-titre3-1024x62.png\" alt=\"\" class=\"wp-image-1783\" width=\"512\" height=\"31\" srcset=\"https:\/\/lesboisenjoues.com\/wp-content\/uploads\/2020\/08\/Sans-titre3-1024x62.png 1024w, https:\/\/lesboisenjoues.com\/wp-content\/uploads\/2020\/08\/Sans-titre3-300x18.png 300w, https:\/\/lesboisenjoues.com\/wp-content\/uploads\/2020\/08\/Sans-titre3-768x46.png 768w, https:\/\/lesboisenjoues.com\/wp-content\/uploads\/2020\/08\/Sans-titre3-1536x93.png 1536w, https:\/\/lesboisenjoues.com\/wp-content\/uploads\/2020\/08\/Sans-titre3-2048x124.png 2048w\" sizes=\"auto, (max-width: 512px) 100vw, 512px\" \/><\/figure><\/div>\n","protected":false},"excerpt":{"rendered":"<p>Qui fera tomber les oiseaux ? R\u00e8gle du jeu : Chaque joueur joue \u00e0 tour de r\u00f4le, le but est [&hellip;]<\/p>\n","protected":false},"author":2,"featured_media":1860,"parent":0,"menu_order":0,"comment_status":"closed","ping_status":"closed","template":"","meta":{"footnotes":""},"class_list":["post-1851","page","type-page","status-publish","has-post-thumbnail","hentry"],"jetpack_sharing_enabled":true,"_links":{"self":[{"href":"https:\/\/lesboisenjoues.com\/index.php\/wp-json\/wp\/v2\/pages\/1851","targetHints":{"allow":["GET"]}}],"collection":[{"href":"https:\/\/lesboisenjoues.com\/index.php\/wp-json\/wp\/v2\/pages"}],"about":[{"href":"https:\/\/lesboisenjoues.com\/index.php\/wp-json\/wp\/v2\/types\/page"}],"author":[{"embeddable":true,"href":"https:\/\/lesboisenjoues.com\/index.php\/wp-json\/wp\/v2\/users\/2"}],"replies":[{"embeddable":true,"href":"https:\/\/lesboisenjoues.com\/index.php\/wp-json\/wp\/v2\/comments?post=1851"}],"version-history":[{"count":4,"href":"https:\/\/lesboisenjoues.com\/index.php\/wp-json\/wp\/v2\/pages\/1851\/revisions"}],"predecessor-version":[{"id":2413,"href":"https:\/\/lesboisenjoues.com\/index.php\/wp-json\/wp\/v2\/pages\/1851\/revisions\/2413"}],"wp:featuredmedia":[{"embeddable":true,"href":"https:\/\/lesboisenjoues.com\/index.php\/wp-json\/wp\/v2\/media\/1860"}],"wp:attachment":[{"href":"https:\/\/lesboisenjoues.com\/index.php\/wp-json\/wp\/v2\/media?parent=1851"}],"curies":[{"name":"wp","href":"https:\/\/api.w.org\/{rel}","templated":true}]}}