{"id":1500,"date":"2020-04-14T10:32:39","date_gmt":"2020-04-14T08:32:39","guid":{"rendered":"https:\/\/lesboisenjoues.com\/?page_id=1500"},"modified":"2022-01-02T20:10:40","modified_gmt":"2022-01-02T19:10:40","slug":"le-jeu-du-fakir","status":"publish","type":"page","link":"https:\/\/lesboisenjoues.com\/index.php\/le-jeu-du-fakir\/","title":{"rendered":"Le jeu du Fakir"},"content":{"rendered":"\n<div class=\"wp-block-image\"><figure class=\"aligncenter size-large is-resized\"><img loading=\"lazy\" decoding=\"async\" src=\"https:\/\/lesboisenjoues.com\/wp-content\/uploads\/2020\/04\/Untitled-15-Copie-Copie-1024x248.png\" alt=\"\" class=\"wp-image-1509\" width=\"512\" height=\"124\" srcset=\"https:\/\/lesboisenjoues.com\/wp-content\/uploads\/2020\/04\/Untitled-15-Copie-Copie-1024x248.png 1024w, https:\/\/lesboisenjoues.com\/wp-content\/uploads\/2020\/04\/Untitled-15-Copie-Copie-300x73.png 300w, https:\/\/lesboisenjoues.com\/wp-content\/uploads\/2020\/04\/Untitled-15-Copie-Copie-768x186.png 768w, https:\/\/lesboisenjoues.com\/wp-content\/uploads\/2020\/04\/Untitled-15-Copie-Copie-1536x372.png 1536w, https:\/\/lesboisenjoues.com\/wp-content\/uploads\/2020\/04\/Untitled-15-Copie-Copie-2048x496.png 2048w\" sizes=\"auto, (max-width: 512px) 100vw, 512px\" \/><\/figure><\/div>\n\n\n\n<p class=\"has-text-align-center\"><strong>Un jeu de hasard embl\u00e9matique !<\/strong><\/p>\n\n\n\n<div class=\"wp-block-image\"><figure class=\"aligncenter size-large is-resized\"><img loading=\"lazy\" decoding=\"async\" src=\"https:\/\/lesboisenjoues.com\/wp-content\/uploads\/2020\/04\/le-fakir.jpg\" alt=\"\" class=\"wp-image-1501\" width=\"400\" height=\"400\" srcset=\"https:\/\/lesboisenjoues.com\/wp-content\/uploads\/2020\/04\/le-fakir.jpg 800w, https:\/\/lesboisenjoues.com\/wp-content\/uploads\/2020\/04\/le-fakir-300x300.jpg 300w, https:\/\/lesboisenjoues.com\/wp-content\/uploads\/2020\/04\/le-fakir-150x150.jpg 150w, https:\/\/lesboisenjoues.com\/wp-content\/uploads\/2020\/04\/le-fakir-768x768.jpg 768w\" sizes=\"auto, (max-width: 400px) 100vw, 400px\" \/><figcaption>Jeu du Fakir : 1 joueur ou plus \/ Jeu de hasard<\/figcaption><\/figure><\/div>\n\n\n\n<p>Le Fakir est un magnifique jeu de hasard. Con\u00e7u \u00e0 la main dans le Nord de la France par notre partenaire \u00ab\u00a0La Maison du Billard\u00a0\u00bb.<\/p>\n\n\n\n<p><strong>BUT DU JEU:<\/strong><\/p>\n\n\n\n<p>Pour jouer \u00e0 ce jeu il faut l\u00e2cher les pions du haut du plateau. Ensuite ils tomberont dans diff\u00e9rentes cases apr\u00e8s \u00eatre pass\u00e9s par le labyrinthe. Le gagnant est celui qui marque le plus haut score.<\/p>\n\n\n\n<p><strong>REGLE DU JEU : <\/strong><\/p>\n\n\n\n<p>Chaque joueur dispose de 4 jetons de m\u00eame couleur. Les jetons tomberont dans diff\u00e9rentes cases apr\u00e8s \u00eatre pass\u00e9s par le labyrinthe. Une fois tous les jetons jou\u00e9s, faites l\u2019addition.<\/p>\n\n\n\n<div class=\"wp-block-image\"><figure class=\"aligncenter size-large is-resized\"><img loading=\"lazy\" decoding=\"async\" src=\"https:\/\/lesboisenjoues.com\/wp-content\/uploads\/2020\/04\/le-fakir-1.jpg\" alt=\"\" class=\"wp-image-1506\" width=\"273\" height=\"273\" srcset=\"https:\/\/lesboisenjoues.com\/wp-content\/uploads\/2020\/04\/le-fakir-1.jpg 800w, https:\/\/lesboisenjoues.com\/wp-content\/uploads\/2020\/04\/le-fakir-1-300x300.jpg 300w, https:\/\/lesboisenjoues.com\/wp-content\/uploads\/2020\/04\/le-fakir-1-150x150.jpg 150w, https:\/\/lesboisenjoues.com\/wp-content\/uploads\/2020\/04\/le-fakir-1-768x768.jpg 768w\" sizes=\"auto, (max-width: 273px) 100vw, 273px\" \/><\/figure><\/div>\n\n\n\n<div class=\"wp-block-image\"><figure class=\"aligncenter size-large is-resized\"><img loading=\"lazy\" decoding=\"async\" src=\"https:\/\/lesboisenjoues.com\/wp-content\/uploads\/2020\/02\/Sans-titre3-1024x62.png\" alt=\"\" class=\"wp-image-842\" width=\"256\" height=\"16\" srcset=\"https:\/\/lesboisenjoues.com\/wp-content\/uploads\/2020\/02\/Sans-titre3-1024x62.png 1024w, https:\/\/lesboisenjoues.com\/wp-content\/uploads\/2020\/02\/Sans-titre3-300x18.png 300w, https:\/\/lesboisenjoues.com\/wp-content\/uploads\/2020\/02\/Sans-titre3-768x46.png 768w, https:\/\/lesboisenjoues.com\/wp-content\/uploads\/2020\/02\/Sans-titre3-1536x93.png 1536w, https:\/\/lesboisenjoues.com\/wp-content\/uploads\/2020\/02\/Sans-titre3-2048x124.png 2048w\" sizes=\"auto, (max-width: 256px) 100vw, 256px\" \/><\/figure><\/div>\n\n\n\n<h4 class=\"wp-block-heading\">Informations importantes :<\/h4>\n\n\n\n<ul class=\"wp-block-list\"><li>Contenu : <strong>16 palets en buis<\/strong><\/li><li>Dimensions&nbsp;:&nbsp;<strong>22 x 42 x 86 cm<\/strong><\/li><li>Age minimum recommand\u00e9 :&nbsp;<strong>3 ans<\/strong><\/li><\/ul>\n\n\n\n<p><\/p>\n\n\n\n<div class=\"wp-block-image\"><figure class=\"aligncenter size-large is-resized\"><img loading=\"lazy\" decoding=\"async\" src=\"https:\/\/lesboisenjoues.com\/wp-content\/uploads\/2020\/02\/Sans-titre3-1024x62.png\" alt=\"\" class=\"wp-image-842\" width=\"256\" height=\"16\" srcset=\"https:\/\/lesboisenjoues.com\/wp-content\/uploads\/2020\/02\/Sans-titre3-1024x62.png 1024w, https:\/\/lesboisenjoues.com\/wp-content\/uploads\/2020\/02\/Sans-titre3-300x18.png 300w, https:\/\/lesboisenjoues.com\/wp-content\/uploads\/2020\/02\/Sans-titre3-768x46.png 768w, https:\/\/lesboisenjoues.com\/wp-content\/uploads\/2020\/02\/Sans-titre3-1536x93.png 1536w, https:\/\/lesboisenjoues.com\/wp-content\/uploads\/2020\/02\/Sans-titre3-2048x124.png 2048w\" sizes=\"auto, (max-width: 256px) 100vw, 256px\" \/><\/figure><\/div>\n","protected":false},"excerpt":{"rendered":"<p>Un jeu de hasard embl\u00e9matique ! Le Fakir est un magnifique jeu de hasard. Con\u00e7u \u00e0 la main dans le [&hellip;]<\/p>\n","protected":false},"author":2,"featured_media":1506,"parent":0,"menu_order":0,"comment_status":"closed","ping_status":"closed","template":"","meta":{"footnotes":""},"class_list":["post-1500","page","type-page","status-publish","has-post-thumbnail","hentry"],"jetpack_sharing_enabled":true,"_links":{"self":[{"href":"https:\/\/lesboisenjoues.com\/index.php\/wp-json\/wp\/v2\/pages\/1500","targetHints":{"allow":["GET"]}}],"collection":[{"href":"https:\/\/lesboisenjoues.com\/index.php\/wp-json\/wp\/v2\/pages"}],"about":[{"href":"https:\/\/lesboisenjoues.com\/index.php\/wp-json\/wp\/v2\/types\/page"}],"author":[{"embeddable":true,"href":"https:\/\/lesboisenjoues.com\/index.php\/wp-json\/wp\/v2\/users\/2"}],"replies":[{"embeddable":true,"href":"https:\/\/lesboisenjoues.com\/index.php\/wp-json\/wp\/v2\/comments?post=1500"}],"version-history":[{"count":8,"href":"https:\/\/lesboisenjoues.com\/index.php\/wp-json\/wp\/v2\/pages\/1500\/revisions"}],"predecessor-version":[{"id":2408,"href":"https:\/\/lesboisenjoues.com\/index.php\/wp-json\/wp\/v2\/pages\/1500\/revisions\/2408"}],"wp:featuredmedia":[{"embeddable":true,"href":"https:\/\/lesboisenjoues.com\/index.php\/wp-json\/wp\/v2\/media\/1506"}],"wp:attachment":[{"href":"https:\/\/lesboisenjoues.com\/index.php\/wp-json\/wp\/v2\/media?parent=1500"}],"curies":[{"name":"wp","href":"https:\/\/api.w.org\/{rel}","templated":true}]}}