{"id":1431,"date":"2020-03-15T21:21:35","date_gmt":"2020-03-15T20:21:35","guid":{"rendered":"https:\/\/lesboisenjoues.com\/?page_id=1431"},"modified":"2022-01-02T20:06:49","modified_gmt":"2022-01-02T19:06:49","slug":"la-tour-infernale","status":"publish","type":"page","link":"https:\/\/lesboisenjoues.com\/index.php\/la-tour-infernale\/","title":{"rendered":"La tour infernale"},"content":{"rendered":"\n<div class=\"wp-block-image\"><figure class=\"aligncenter size-large is-resized\"><img loading=\"lazy\" decoding=\"async\" src=\"https:\/\/lesboisenjoues.com\/wp-content\/uploads\/2020\/03\/mol-quilles-2-1024x248.png\" alt=\"\" class=\"wp-image-1429\" width=\"512\" height=\"124\" srcset=\"https:\/\/lesboisenjoues.com\/wp-content\/uploads\/2020\/03\/mol-quilles-2-1024x248.png 1024w, https:\/\/lesboisenjoues.com\/wp-content\/uploads\/2020\/03\/mol-quilles-2-300x73.png 300w, https:\/\/lesboisenjoues.com\/wp-content\/uploads\/2020\/03\/mol-quilles-2-768x186.png 768w, https:\/\/lesboisenjoues.com\/wp-content\/uploads\/2020\/03\/mol-quilles-2-1536x372.png 1536w, https:\/\/lesboisenjoues.com\/wp-content\/uploads\/2020\/03\/mol-quilles-2-2048x496.png 2048w\" sizes=\"auto, (max-width: 512px) 100vw, 512px\" \/><\/figure><\/div>\n\n\n\n<p class=\"has-text-align-center\"><strong>La tour infernale ou \u00ab\u00a0Jenga\u00a0\u00bb en version g\u00e9ante !<\/strong><\/p>\n\n\n\n<figure class=\"wp-block-image size-large\"><img loading=\"lazy\" decoding=\"async\" width=\"1024\" height=\"1024\" src=\"https:\/\/lesboisenjoues.com\/wp-content\/uploads\/2020\/03\/30165480-la-tour-infernale_P1-1024x1024.jpg\" alt=\"\" class=\"wp-image-1435\" srcset=\"https:\/\/lesboisenjoues.com\/wp-content\/uploads\/2020\/03\/30165480-la-tour-infernale_P1-1024x1024.jpg 1024w, https:\/\/lesboisenjoues.com\/wp-content\/uploads\/2020\/03\/30165480-la-tour-infernale_P1-300x300.jpg 300w, https:\/\/lesboisenjoues.com\/wp-content\/uploads\/2020\/03\/30165480-la-tour-infernale_P1-150x150.jpg 150w, https:\/\/lesboisenjoues.com\/wp-content\/uploads\/2020\/03\/30165480-la-tour-infernale_P1-768x768.jpg 768w, https:\/\/lesboisenjoues.com\/wp-content\/uploads\/2020\/03\/30165480-la-tour-infernale_P1-1536x1536.jpg 1536w, https:\/\/lesboisenjoues.com\/wp-content\/uploads\/2020\/03\/30165480-la-tour-infernale_P1.jpg 1600w\" sizes=\"auto, (max-width: 1024px) 100vw, 1024px\" \/><figcaption>La tour infernale : jeu d&rsquo;adresse et de pr\u00e9cision. 2 joueurs ou plus.<\/figcaption><\/figure>\n\n\n\n<h4 class=\"wp-block-heading\">R\u00e8gle du jeu :<\/h4>\n\n\n\n<p>La Tour g\u00e9ante en bois issu du jeu classique \u00ab\u00a0Jenga\u00a0\u00bb appel\u00e9 aussi \u00ab La Tour Infernale \u00bb est un jeu d&rsquo;adresse . Les joueurs retirent une brique \u00e0 la fois de la tour pour la replacer \u00e0 son sommet sans lui faire perdre son \u00e9quilibre.<\/p>\n\n\n\n<p>Ce jeu d&rsquo;adresse demande de l&rsquo;attention et de la dext\u00e9rit\u00e9 : il faut garder l&rsquo;\u00e9quilibre de la tour en jouant. Le gagnant est le dernier joueur \u00e0 avoir d\u00e9plac\u00e9 une pi\u00e8ce en bois sans faire tomber la tour.<\/p>\n\n\n\n<p>Le placement des briques sur la tour se fait perpendiculairement aux briques situ\u00e9es \u00e0 l&rsquo;\u00e9tage inf\u00e9rieur. Chaque \u00e9tage est compos\u00e9 de 3 pi\u00e8ces en bois rectangulaires.\n\n<\/p>\n\n\n\n<div class=\"wp-block-image\"><figure class=\"aligncenter size-large is-resized\"><img loading=\"lazy\" decoding=\"async\" src=\"https:\/\/lesboisenjoues.com\/wp-content\/uploads\/2020\/01\/Sans-titre3-5-1024x62.png\" alt=\"\" class=\"wp-image-422\" width=\"502\" height=\"50\"\/><\/figure><\/div>\n\n\n\n<h4 class=\"wp-block-heading\">Informations importantes :<\/h4>\n\n\n\n<ul class=\"wp-block-list\"><li>Contenu :<strong>&nbsp;58 bloques de<\/strong> <strong>15x4x5cm <\/strong><\/li><li>Dimensions de la tour :&nbsp;<strong>85cm au d\u00e9part, jusqu&rsquo;\u00e0 150cm pour les meilleurs !<\/strong><\/li><li>Age minimum recommand\u00e9 :<strong>&nbsp;5 ans ;<\/strong><\/li><\/ul>\n\n\n\n<div class=\"wp-block-image\"><figure class=\"aligncenter size-large is-resized\"><img loading=\"lazy\" decoding=\"async\" src=\"https:\/\/lesboisenjoues.com\/wp-content\/uploads\/2020\/01\/Sans-titre3-5-1024x62.png\" alt=\"\" class=\"wp-image-422\" width=\"502\" height=\"50\"\/><\/figure><\/div>\n","protected":false},"excerpt":{"rendered":"<p>La tour infernale ou \u00ab\u00a0Jenga\u00a0\u00bb en version g\u00e9ante ! R\u00e8gle du jeu : La Tour g\u00e9ante en bois issu du [&hellip;]<\/p>\n","protected":false},"author":2,"featured_media":1435,"parent":0,"menu_order":0,"comment_status":"closed","ping_status":"closed","template":"","meta":{"footnotes":""},"class_list":["post-1431","page","type-page","status-publish","has-post-thumbnail","hentry"],"jetpack_sharing_enabled":true,"_links":{"self":[{"href":"https:\/\/lesboisenjoues.com\/index.php\/wp-json\/wp\/v2\/pages\/1431","targetHints":{"allow":["GET"]}}],"collection":[{"href":"https:\/\/lesboisenjoues.com\/index.php\/wp-json\/wp\/v2\/pages"}],"about":[{"href":"https:\/\/lesboisenjoues.com\/index.php\/wp-json\/wp\/v2\/types\/page"}],"author":[{"embeddable":true,"href":"https:\/\/lesboisenjoues.com\/index.php\/wp-json\/wp\/v2\/users\/2"}],"replies":[{"embeddable":true,"href":"https:\/\/lesboisenjoues.com\/index.php\/wp-json\/wp\/v2\/comments?post=1431"}],"version-history":[{"count":7,"href":"https:\/\/lesboisenjoues.com\/index.php\/wp-json\/wp\/v2\/pages\/1431\/revisions"}],"predecessor-version":[{"id":2403,"href":"https:\/\/lesboisenjoues.com\/index.php\/wp-json\/wp\/v2\/pages\/1431\/revisions\/2403"}],"wp:featuredmedia":[{"embeddable":true,"href":"https:\/\/lesboisenjoues.com\/index.php\/wp-json\/wp\/v2\/media\/1435"}],"wp:attachment":[{"href":"https:\/\/lesboisenjoues.com\/index.php\/wp-json\/wp\/v2\/media?parent=1431"}],"curies":[{"name":"wp","href":"https:\/\/api.w.org\/{rel}","templated":true}]}}