{"id":1398,"date":"2020-03-15T19:55:12","date_gmt":"2020-03-15T18:55:12","guid":{"rendered":"https:\/\/lesboisenjoues.com\/?page_id=1398"},"modified":"2020-05-12T07:47:32","modified_gmt":"2020-05-12T05:47:32","slug":"mikado-geant","status":"publish","type":"page","link":"https:\/\/lesboisenjoues.com\/index.php\/mikado-geant\/","title":{"rendered":"Mikado g\u00e9ant"},"content":{"rendered":"\n<div class=\"wp-block-image\"><figure class=\"aligncenter size-large\"><img loading=\"lazy\" decoding=\"async\" width=\"1024\" height=\"248\" src=\"https:\/\/lesboisenjoues.com\/wp-content\/uploads\/2020\/03\/mol-quilles-1-1024x248.png\" alt=\"\" class=\"wp-image-1399\" srcset=\"https:\/\/lesboisenjoues.com\/wp-content\/uploads\/2020\/03\/mol-quilles-1-1024x248.png 1024w, https:\/\/lesboisenjoues.com\/wp-content\/uploads\/2020\/03\/mol-quilles-1-300x73.png 300w, https:\/\/lesboisenjoues.com\/wp-content\/uploads\/2020\/03\/mol-quilles-1-768x186.png 768w, https:\/\/lesboisenjoues.com\/wp-content\/uploads\/2020\/03\/mol-quilles-1-1536x372.png 1536w, https:\/\/lesboisenjoues.com\/wp-content\/uploads\/2020\/03\/mol-quilles-1-2048x496.png 2048w\" sizes=\"auto, (max-width: 1024px) 100vw, 1024px\" \/><\/figure><\/div>\n\n\n\n<p class=\"has-text-align-center\"><strong>Jeu embl\u00e9matique de notre enfance<\/strong><\/p>\n\n\n\n<div class=\"wp-block-image\"><figure class=\"aligncenter size-large is-resized\"><img loading=\"lazy\" decoding=\"async\" src=\"https:\/\/lesboisenjoues.com\/wp-content\/uploads\/2020\/03\/min_image.jpg\" alt=\"\" class=\"wp-image-1400\" width=\"464\" height=\"463\" srcset=\"https:\/\/lesboisenjoues.com\/wp-content\/uploads\/2020\/03\/min_image.jpg 900w, https:\/\/lesboisenjoues.com\/wp-content\/uploads\/2020\/03\/min_image-300x300.jpg 300w, https:\/\/lesboisenjoues.com\/wp-content\/uploads\/2020\/03\/min_image-150x150.jpg 150w, https:\/\/lesboisenjoues.com\/wp-content\/uploads\/2020\/03\/min_image-768x768.jpg 768w\" sizes=\"auto, (max-width: 464px) 100vw, 464px\" \/><figcaption>Mikado g\u00e9ant : Jeu d&rsquo;agilit\u00e9 et de strat\u00e9gie. 2 joueurs ou plus.<\/figcaption><\/figure><\/div>\n\n\n\n<h4 class=\"wp-block-heading\">R\u00e8gle du jeu :<\/h4>\n\n\n\n<p>Ce c\u00e9l\u00e8bre jeu d\u2019adresse et de pr\u00e9cision peut se jouer selon plusieurs r\u00e8gles de jeux : <\/p>\n\n\n\n<p>Apr\u00e8s avoir entrem\u00eal\u00e9 les&nbsp;<strong>Mikados g\u00e9ants<\/strong>, chaque joueur peut s\u2019attribuer une couleur et tenter de le r\u00e9cup\u00e9rer sans faire trembler les autres b\u00e2tons. <\/p>\n\n\n\n<p>On peut aussi attribuer un nombre de points diff\u00e9rents pour chaque couleur et ainsi celui qui parvient \u00e0 ramasser les mikados aux plus fortes valeurs remporte la partie !<\/p>\n\n\n\n<p><strong>Le mikado g\u00e9ant<\/strong>&nbsp;en bois est un excellent jeu de pr\u00e9cision pouvant se jouer seul ou \u00e0 plusieurs (en \u00e9quipe par exemple). Ce grand mod\u00e8le sera parfait pour jouer en int\u00e9rieur comme en ext\u00e9rieur (dans un parc ou autre espace vert&#8230;).<\/p>\n\n\n\n<p><br><\/p>\n\n\n\n<div class=\"wp-block-image\"><figure class=\"aligncenter size-large is-resized\"><img loading=\"lazy\" decoding=\"async\" src=\"https:\/\/lesboisenjoues.com\/wp-content\/uploads\/2020\/03\/mikado-geant-en-bois-2.jpg\" alt=\"\" class=\"wp-image-1407\" width=\"311\" height=\"311\" srcset=\"https:\/\/lesboisenjoues.com\/wp-content\/uploads\/2020\/03\/mikado-geant-en-bois-2.jpg 800w, https:\/\/lesboisenjoues.com\/wp-content\/uploads\/2020\/03\/mikado-geant-en-bois-2-300x300.jpg 300w, https:\/\/lesboisenjoues.com\/wp-content\/uploads\/2020\/03\/mikado-geant-en-bois-2-150x150.jpg 150w, https:\/\/lesboisenjoues.com\/wp-content\/uploads\/2020\/03\/mikado-geant-en-bois-2-768x768.jpg 768w\" sizes=\"auto, (max-width: 311px) 100vw, 311px\" \/><\/figure><\/div>\n\n\n\n<div class=\"wp-block-image\"><figure class=\"aligncenter size-large is-resized\"><img loading=\"lazy\" decoding=\"async\" src=\"https:\/\/lesboisenjoues.com\/wp-content\/uploads\/2020\/01\/Sans-titre3-4-1024x62.png\" alt=\"\" class=\"wp-image-179\" width=\"502\" height=\"30\" srcset=\"https:\/\/lesboisenjoues.com\/wp-content\/uploads\/2020\/01\/Sans-titre3-4-1024x62.png 1024w, https:\/\/lesboisenjoues.com\/wp-content\/uploads\/2020\/01\/Sans-titre3-4-300x18.png 300w, https:\/\/lesboisenjoues.com\/wp-content\/uploads\/2020\/01\/Sans-titre3-4-768x46.png 768w, https:\/\/lesboisenjoues.com\/wp-content\/uploads\/2020\/01\/Sans-titre3-4-1536x93.png 1536w, https:\/\/lesboisenjoues.com\/wp-content\/uploads\/2020\/01\/Sans-titre3-4-2048x124.png 2048w\" sizes=\"auto, (max-width: 502px) 100vw, 502px\" \/><\/figure><\/div>\n\n\n\n<h4 class=\"has-text-align-center wp-block-heading\"><strong>Informations importantes :&nbsp;<\/strong><\/h4>\n\n\n\n<ul class=\"wp-block-list\"><li>Contenu :&nbsp; <strong>25 baguettes g\u00e9antes en bois <\/strong><\/li><li>Dimension&nbsp;baguettes : <strong>90cm<\/strong><\/li><li>\u00c2ge minimum recommand\u00e9 :<strong>&nbsp;5 ans<\/strong><\/li><\/ul>\n\n\n\n<div class=\"wp-block-image\"><figure class=\"aligncenter size-large is-resized\"><img loading=\"lazy\" decoding=\"async\" src=\"https:\/\/lesboisenjoues.com\/wp-content\/uploads\/2020\/01\/Sans-titre3-4-1024x62.png\" alt=\"\" class=\"wp-image-179\" width=\"502\" height=\"30\" srcset=\"https:\/\/lesboisenjoues.com\/wp-content\/uploads\/2020\/01\/Sans-titre3-4-1024x62.png 1024w, https:\/\/lesboisenjoues.com\/wp-content\/uploads\/2020\/01\/Sans-titre3-4-300x18.png 300w, https:\/\/lesboisenjoues.com\/wp-content\/uploads\/2020\/01\/Sans-titre3-4-768x46.png 768w, https:\/\/lesboisenjoues.com\/wp-content\/uploads\/2020\/01\/Sans-titre3-4-1536x93.png 1536w, https:\/\/lesboisenjoues.com\/wp-content\/uploads\/2020\/01\/Sans-titre3-4-2048x124.png 2048w\" sizes=\"auto, (max-width: 502px) 100vw, 502px\" \/><\/figure><\/div>\n","protected":false},"excerpt":{"rendered":"<p>Jeu embl\u00e9matique de notre enfance R\u00e8gle du jeu : Ce c\u00e9l\u00e8bre jeu d\u2019adresse et de pr\u00e9cision peut se jouer selon [&hellip;]<\/p>\n","protected":false},"author":2,"featured_media":1407,"parent":0,"menu_order":0,"comment_status":"closed","ping_status":"closed","template":"","meta":{"footnotes":""},"class_list":["post-1398","page","type-page","status-publish","has-post-thumbnail","hentry"],"jetpack_sharing_enabled":true,"_links":{"self":[{"href":"https:\/\/lesboisenjoues.com\/index.php\/wp-json\/wp\/v2\/pages\/1398","targetHints":{"allow":["GET"]}}],"collection":[{"href":"https:\/\/lesboisenjoues.com\/index.php\/wp-json\/wp\/v2\/pages"}],"about":[{"href":"https:\/\/lesboisenjoues.com\/index.php\/wp-json\/wp\/v2\/types\/page"}],"author":[{"embeddable":true,"href":"https:\/\/lesboisenjoues.com\/index.php\/wp-json\/wp\/v2\/users\/2"}],"replies":[{"embeddable":true,"href":"https:\/\/lesboisenjoues.com\/index.php\/wp-json\/wp\/v2\/comments?post=1398"}],"version-history":[{"count":9,"href":"https:\/\/lesboisenjoues.com\/index.php\/wp-json\/wp\/v2\/pages\/1398\/revisions"}],"predecessor-version":[{"id":1639,"href":"https:\/\/lesboisenjoues.com\/index.php\/wp-json\/wp\/v2\/pages\/1398\/revisions\/1639"}],"wp:featuredmedia":[{"embeddable":true,"href":"https:\/\/lesboisenjoues.com\/index.php\/wp-json\/wp\/v2\/media\/1407"}],"wp:attachment":[{"href":"https:\/\/lesboisenjoues.com\/index.php\/wp-json\/wp\/v2\/media?parent=1398"}],"curies":[{"name":"wp","href":"https:\/\/api.w.org\/{rel}","templated":true}]}}